{"id":10803,"date":"2023-02-15T17:21:38","date_gmt":"2023-02-15T16:21:38","guid":{"rendered":"https:\/\/museum.toulouse-metropole.fr\/practical-information\/restaurant\/"},"modified":"2025-08-14T19:18:15","modified_gmt":"2025-08-14T17:18:15","slug":"restaurant","status":"publish","type":"page","link":"https:\/\/museum.toulouse-metropole.fr\/en\/practical-information\/restaurant\/","title":{"rendered":"Restaurant"},"content":{"rendered":"<section class=\"section-group\"><div class=\"container\"><div class=\"pure-g\">\n<div class=\"wp-block-group is-layout-constrained wp-block-group-is-layout-constrained\">\n<h2 class=\"wp-block-heading has-text-align-center\" id=\"restaurant-team-room-le-moai\"><strong>Restaurant &amp; team room Le Moa\u00ef<\/strong><\/h2>\n\n\n\n<p class=\"has-text-align-center\">In an exceptional location, at the entrance to the Jardin des Plantes and in the heart of the Museum, <strong><a href=\"http:\/\/www.lemoai.com\" target=\"_blank\" rel=\"noreferrer noopener\">Le Moa\u00ef<\/a><\/strong> is open every day from 10 a.m. to 6 p.m.<br>At the helm of the restaurant since 2015, Pauline and Julien BRAILLON offer a space dedicated to the culture of taste, in the continuity of G\u00e9rard GARRIGUES at the origin of the creation of the restaurant. Julien shares with him the same vision of cooking, the same attachment to quality products, the same desire to share his culinary passion\u2026<br>The restaurant reflects this state of mind.<br>Around an original concept of gourmet self-service, Le Moa\u00ef is a real invitation to indulge to awaken the senses of young and old gourmets. Installed on the terrace in the middle of century-old trees or comfortably seated inside at the foot of the elephant, they can only appreciate the fresh, gourmet, local and creative cuisine.<\/p>\n\n\n\n<p class=\"has-text-align-center has-medium-font-size\"><strong>Tuesday to Sunday, 10.00-18.00 | lunch service 12.00-14.00<br><\/strong>Without reservation<br>+33 5.34.31.67.85<br>Le Moa\u00ef restaurant<br>35 all\u00e9es Jules Guesde, 31000 Toulouse<br>For more information : <a href=\"http:\/\/www.lemoai.com\" target=\"_blank\" rel=\"noreferrer noopener\">www.lemoai.com<\/a><\/p>\n\n\n\n<figure  role=\"group\"  aria-label=\"Christian Nitard, Mus\u00e9um de Toulouse\"  class=\"wp-block-image aligncenter size-large\"><img loading=\"lazy\" decoding=\"async\" width=\"1024\" height=\"669\" src=\"https:\/\/museum.toulouse-metropole.fr\/wp-content\/uploads\/sites\/6\/2023\/02\/le_moai-1024x669.jpg\" alt=\"\" class=\"wp-image-1472\" style=\"box-shadow:var(--wp--preset--shadow--natural)\"\/><figcaption class=\"wp-element-caption\"><em>Cr\u00e9dit : Christian Nitard, Mus\u00e9um de Toulouse<\/em><\/figcaption><\/figure>\n<\/div>\n<\/div><\/div><\/section>","protected":false},"excerpt":{"rendered":"<p>Restaurant &amp; team room Le Moa\u00ef In an exceptional location, at the entrance to the Jardin des Plantes and in the heart of the Museum, Le Moa\u00ef is open every day from 10 a.m. to&hellip;<\/p>\n","protected":false},"author":41,"featured_media":0,"parent":28943,"menu_order":0,"comment_status":"closed","ping_status":"closed","template":"","meta":{"_acf_changed":false,"footnotes":""},"class_list":["post-10803","page","type-page","status-publish","hentry"],"acf":[],"yoast_head":"<!-- This site is optimized with the Yoast SEO plugin v27.0 - https:\/\/yoast.com\/product\/yoast-seo-wordpress\/ -->\n<title>Restaurant - Mus\u00e9um de Toulouse<\/title>\n<meta name=\"robots\" content=\"index, follow, max-snippet:-1, max-image-preview:large, max-video-preview:-1\" \/>\n<link rel=\"canonical\" href=\"https:\/\/museum.toulouse-metropole.fr\/en\/practical-information\/restaurant\/\" \/>\n<meta property=\"og:locale\" content=\"en_US\" \/>\n<meta property=\"og:type\" content=\"article\" \/>\n<meta property=\"og:title\" content=\"Restaurant - Mus\u00e9um de Toulouse\" \/>\n<meta property=\"og:description\" content=\"Restaurant &amp; team room Le Moa\u00ef In an exceptional location, at the entrance to the Jardin des Plantes and in the heart of the Museum, Le Moa\u00ef is open every day from 10 a.m. to&hellip;\" \/>\n<meta property=\"og:url\" content=\"https:\/\/museum.toulouse-metropole.fr\/en\/practical-information\/restaurant\/\" \/>\n<meta property=\"og:site_name\" content=\"Mus\u00e9um de Toulouse\" \/>\n<meta property=\"article:modified_time\" content=\"2025-08-14T17:18:15+00:00\" \/>\n<meta property=\"og:image\" content=\"https:\/\/museum.toulouse-metropole.fr\/wp-content\/uploads\/sites\/6\/2023\/02\/le_moai-e1678375237528.jpg\" \/>\n\t<meta property=\"og:image:width\" content=\"529\" \/>\n\t<meta property=\"og:image:height\" content=\"346\" \/>\n\t<meta property=\"og:image:type\" content=\"image\/jpeg\" \/>\n<meta name=\"twitter:card\" content=\"summary_large_image\" \/>\n<meta name=\"twitter:label1\" content=\"Est. reading time\" \/>\n\t<meta name=\"twitter:data1\" content=\"2 minutes\" \/>\n<script type=\"application\/ld+json\" class=\"yoast-schema-graph\">{\"@context\":\"https:\/\/schema.org\",\"@graph\":[{\"@type\":\"WebPage\",\"@id\":\"https:\/\/museum.toulouse-metropole.fr\/en\/practical-information\/restaurant\/\",\"url\":\"https:\/\/museum.toulouse-metropole.fr\/en\/practical-information\/restaurant\/\",\"name\":\"Restaurant - Mus\u00e9um de Toulouse\",\"isPartOf\":{\"@id\":\"https:\/\/museum.toulouse-metropole.fr\/en\/#website\"},\"primaryImageOfPage\":{\"@id\":\"https:\/\/museum.toulouse-metropole.fr\/en\/practical-information\/restaurant\/#primaryimage\"},\"image\":{\"@id\":\"https:\/\/museum.toulouse-metropole.fr\/en\/practical-information\/restaurant\/#primaryimage\"},\"thumbnailUrl\":\"https:\/\/museum.toulouse-metropole.fr\/wp-content\/uploads\/sites\/6\/2023\/02\/le_moai-1024x669.jpg\",\"datePublished\":\"2023-02-15T16:21:38+00:00\",\"dateModified\":\"2025-08-14T17:18:15+00:00\",\"breadcrumb\":{\"@id\":\"https:\/\/museum.toulouse-metropole.fr\/en\/practical-information\/restaurant\/#breadcrumb\"},\"inLanguage\":\"en-US\",\"potentialAction\":[{\"@type\":\"ReadAction\",\"target\":[\"https:\/\/museum.toulouse-metropole.fr\/en\/practical-information\/restaurant\/\"]}]},{\"@type\":\"ImageObject\",\"inLanguage\":\"en-US\",\"@id\":\"https:\/\/museum.toulouse-metropole.fr\/en\/practical-information\/restaurant\/#primaryimage\",\"url\":\"https:\/\/museum.toulouse-metropole.fr\/wp-content\/uploads\/sites\/6\/2023\/02\/le_moai-1024x669.jpg\",\"contentUrl\":\"https:\/\/museum.toulouse-metropole.fr\/wp-content\/uploads\/sites\/6\/2023\/02\/le_moai-1024x669.jpg\"},{\"@type\":\"BreadcrumbList\",\"@id\":\"https:\/\/museum.toulouse-metropole.fr\/en\/practical-information\/restaurant\/#breadcrumb\",\"itemListElement\":[{\"@type\":\"ListItem\",\"position\":1,\"name\":\"Accueil\",\"item\":\"https:\/\/museum.toulouse-metropole.fr\/en\/home\/\"},{\"@type\":\"ListItem\",\"position\":2,\"name\":\"Visit Information\",\"item\":\"https:\/\/museum.toulouse-metropole.fr\/en\/practical-information-2\/\"},{\"@type\":\"ListItem\",\"position\":3,\"name\":\"Restaurant\"}]},{\"@type\":\"WebSite\",\"@id\":\"https:\/\/museum.toulouse-metropole.fr\/en\/#website\",\"url\":\"https:\/\/museum.toulouse-metropole.fr\/en\/\",\"name\":\"Mus\u00e9um de Toulouse\",\"description\":\"Mus\u00e9um de Toulouse\",\"publisher\":{\"@id\":\"https:\/\/museum.toulouse-metropole.fr\/en\/#organization\"},\"potentialAction\":[{\"@type\":\"SearchAction\",\"target\":{\"@type\":\"EntryPoint\",\"urlTemplate\":\"https:\/\/museum.toulouse-metropole.fr\/en\/search\/{search_term_string}\"},\"query-input\":{\"@type\":\"PropertyValueSpecification\",\"valueRequired\":true,\"valueName\":\"search_term_string\"}}],\"inLanguage\":\"en-US\"},{\"@type\":\"Organization\",\"@id\":\"https:\/\/museum.toulouse-metropole.fr\/en\/#organization\",\"name\":\"Mus\u00e9um de Toulouse\",\"url\":\"https:\/\/museum.toulouse-metropole.fr\/en\/\",\"logo\":{\"@type\":\"ImageObject\",\"inLanguage\":\"en-US\",\"@id\":\"https:\/\/museum.toulouse-metropole.fr\/en\/#\/schema\/logo\/image\/\",\"url\":\"https:\/\/museum.toulouse-metropole.fr\/wp-content\/uploads\/sites\/6\/2023\/05\/logo_MuseumHD.jpg\",\"contentUrl\":\"https:\/\/museum.toulouse-metropole.fr\/wp-content\/uploads\/sites\/6\/2023\/05\/logo_MuseumHD.jpg\",\"width\":150,\"height\":163,\"caption\":\"Mus\u00e9um de Toulouse\"},\"image\":{\"@id\":\"https:\/\/museum.toulouse-metropole.fr\/en\/#\/schema\/logo\/image\/\"}}]}<\/script>\n<!-- \/ Yoast SEO plugin. -->","yoast_head_json":{"title":"Restaurant - Mus\u00e9um de Toulouse","robots":{"index":"index","follow":"follow","max-snippet":"max-snippet:-1","max-image-preview":"max-image-preview:large","max-video-preview":"max-video-preview:-1"},"canonical":"https:\/\/museum.toulouse-metropole.fr\/en\/practical-information\/restaurant\/","og_locale":"en_US","og_type":"article","og_title":"Restaurant - Mus\u00e9um de Toulouse","og_description":"Restaurant &amp; team room Le Moa\u00ef In an exceptional location, at the entrance to the Jardin des Plantes and in the heart of the Museum, Le Moa\u00ef is open every day from 10 a.m. to&hellip;","og_url":"https:\/\/museum.toulouse-metropole.fr\/en\/practical-information\/restaurant\/","og_site_name":"Mus\u00e9um de Toulouse","article_modified_time":"2025-08-14T17:18:15+00:00","og_image":[{"width":529,"height":346,"url":"https:\/\/museum.toulouse-metropole.fr\/wp-content\/uploads\/sites\/6\/2023\/02\/le_moai-e1678375237528.jpg","type":"image\/jpeg"}],"twitter_card":"summary_large_image","twitter_misc":{"Est. reading time":"2 minutes"},"schema":{"@context":"https:\/\/schema.org","@graph":[{"@type":"WebPage","@id":"https:\/\/museum.toulouse-metropole.fr\/en\/practical-information\/restaurant\/","url":"https:\/\/museum.toulouse-metropole.fr\/en\/practical-information\/restaurant\/","name":"Restaurant - Mus\u00e9um de Toulouse","isPartOf":{"@id":"https:\/\/museum.toulouse-metropole.fr\/en\/#website"},"primaryImageOfPage":{"@id":"https:\/\/museum.toulouse-metropole.fr\/en\/practical-information\/restaurant\/#primaryimage"},"image":{"@id":"https:\/\/museum.toulouse-metropole.fr\/en\/practical-information\/restaurant\/#primaryimage"},"thumbnailUrl":"https:\/\/museum.toulouse-metropole.fr\/wp-content\/uploads\/sites\/6\/2023\/02\/le_moai-1024x669.jpg","datePublished":"2023-02-15T16:21:38+00:00","dateModified":"2025-08-14T17:18:15+00:00","breadcrumb":{"@id":"https:\/\/museum.toulouse-metropole.fr\/en\/practical-information\/restaurant\/#breadcrumb"},"inLanguage":"en-US","potentialAction":[{"@type":"ReadAction","target":["https:\/\/museum.toulouse-metropole.fr\/en\/practical-information\/restaurant\/"]}]},{"@type":"ImageObject","inLanguage":"en-US","@id":"https:\/\/museum.toulouse-metropole.fr\/en\/practical-information\/restaurant\/#primaryimage","url":"https:\/\/museum.toulouse-metropole.fr\/wp-content\/uploads\/sites\/6\/2023\/02\/le_moai-1024x669.jpg","contentUrl":"https:\/\/museum.toulouse-metropole.fr\/wp-content\/uploads\/sites\/6\/2023\/02\/le_moai-1024x669.jpg"},{"@type":"BreadcrumbList","@id":"https:\/\/museum.toulouse-metropole.fr\/en\/practical-information\/restaurant\/#breadcrumb","itemListElement":[{"@type":"ListItem","position":1,"name":"Accueil","item":"https:\/\/museum.toulouse-metropole.fr\/en\/home\/"},{"@type":"ListItem","position":2,"name":"Visit Information","item":"https:\/\/museum.toulouse-metropole.fr\/en\/practical-information-2\/"},{"@type":"ListItem","position":3,"name":"Restaurant"}]},{"@type":"WebSite","@id":"https:\/\/museum.toulouse-metropole.fr\/en\/#website","url":"https:\/\/museum.toulouse-metropole.fr\/en\/","name":"Mus\u00e9um de Toulouse","description":"Mus\u00e9um de Toulouse","publisher":{"@id":"https:\/\/museum.toulouse-metropole.fr\/en\/#organization"},"potentialAction":[{"@type":"SearchAction","target":{"@type":"EntryPoint","urlTemplate":"https:\/\/museum.toulouse-metropole.fr\/en\/search\/{search_term_string}"},"query-input":{"@type":"PropertyValueSpecification","valueRequired":true,"valueName":"search_term_string"}}],"inLanguage":"en-US"},{"@type":"Organization","@id":"https:\/\/museum.toulouse-metropole.fr\/en\/#organization","name":"Mus\u00e9um de Toulouse","url":"https:\/\/museum.toulouse-metropole.fr\/en\/","logo":{"@type":"ImageObject","inLanguage":"en-US","@id":"https:\/\/museum.toulouse-metropole.fr\/en\/#\/schema\/logo\/image\/","url":"https:\/\/museum.toulouse-metropole.fr\/wp-content\/uploads\/sites\/6\/2023\/05\/logo_MuseumHD.jpg","contentUrl":"https:\/\/museum.toulouse-metropole.fr\/wp-content\/uploads\/sites\/6\/2023\/05\/logo_MuseumHD.jpg","width":150,"height":163,"caption":"Mus\u00e9um de Toulouse"},"image":{"@id":"https:\/\/museum.toulouse-metropole.fr\/en\/#\/schema\/logo\/image\/"}}]}},"_links":{"self":[{"href":"https:\/\/museum.toulouse-metropole.fr\/en\/wp-json\/wp\/v2\/pages\/10803","targetHints":{"allow":["GET"]}}],"collection":[{"href":"https:\/\/museum.toulouse-metropole.fr\/en\/wp-json\/wp\/v2\/pages"}],"about":[{"href":"https:\/\/museum.toulouse-metropole.fr\/en\/wp-json\/wp\/v2\/types\/page"}],"author":[{"embeddable":true,"href":"https:\/\/museum.toulouse-metropole.fr\/en\/wp-json\/wp\/v2\/users\/41"}],"replies":[{"embeddable":true,"href":"https:\/\/museum.toulouse-metropole.fr\/en\/wp-json\/wp\/v2\/comments?post=10803"}],"version-history":[{"count":20,"href":"https:\/\/museum.toulouse-metropole.fr\/en\/wp-json\/wp\/v2\/pages\/10803\/revisions"}],"predecessor-version":[{"id":28968,"href":"https:\/\/museum.toulouse-metropole.fr\/en\/wp-json\/wp\/v2\/pages\/10803\/revisions\/28968"}],"up":[{"embeddable":true,"href":"https:\/\/museum.toulouse-metropole.fr\/en\/wp-json\/wp\/v2\/pages\/28943"}],"wp:attachment":[{"href":"https:\/\/museum.toulouse-metropole.fr\/en\/wp-json\/wp\/v2\/media?parent=10803"}],"curies":[{"name":"wp","href":"https:\/\/api.w.org\/{rel}","templated":true}]}}